{"id":8671,"date":"2025-11-24T18:28:18","date_gmt":"2025-11-24T17:28:18","guid":{"rendered":"https:\/\/sen-jewelry.com\/?post_type=product&#038;p=8671"},"modified":"2025-10-13T14:16:40","modified_gmt":"2025-10-13T12:16:40","slug":"classic-lab-diamonds-studs-earrings-14k-zolte-zloto_1-ct","status":"publish","type":"product","link":"https:\/\/sen-jewelry.com\/en\/produkt\/classic-lab-diamonds-studs-earrings-14k-zolte-zloto_1-ct\/","title":{"rendered":"Classic Lab Diamonds Studs Earrings, 14K \u017c\u00f3\u0142te z\u0142oto_1 ct"},"content":{"rendered":"<h5>Timeless classic in its purest form. Two lab-grown diamonds set in 14K yellow gold \u2014 a subtle radiance that completes every moment. Secure screw-back closure ensures comfort and peace of mind, protecting your earrings from accidental loss. Also available with natural diamonds \u2014 because at Sen Jewelry, we believe in the freedom to choose between nature and innovation.<\/h5>\n<h3>Lab-grow Diamonds<\/h3>\n<p><span style=\"font-weight: 400;\">Laboratory-grown diamonds are stones created by humans in controlled laboratory conditions using advanced technologies. The process of their creation mimics the natural conditions of diamond formation, such as high pressure and temperature, which occur beneath the Earth&#8217;s surface.<\/span><\/p>\n<p><span style=\"font-weight: 400;\">They look and have the same chemical, physical, and optical properties as natural diamonds but are more environmentally friendly and ethical because their production eliminates the need for mining, which is sometimes associated with negative social and environmental impacts.<\/span><\/p>\n<p><span style=\"font-weight: 400;\">Laboratory-grown diamonds are not only an ethical and eco-friendly choice but also a more affordable option compared to natural diamonds.<\/span><\/p>\n<h3><strong>Gold Alloy<\/strong><\/h3>\n<p><span style=\"font-weight: 400;\">14 karat gold and 18 karat gold are types of gold alloys that are commonly used in jewelry. The term \u201ckarat\u201d (\u201cK\u201d) is used to measure the purity of gold. Both 14K and 18K gold have their advantages and are commonly used in jewelry making. The choice between them often depends on personal preferences, budget, and the desired characteristics of the jewelry piece, such as color, durability and value.<\/span><\/p>\n<p><span style=\"font-weight: 400;\">14K gold is an alloy composed of 58,3% pure gold. The additional metals are mixed with the gold to improve its durability and strength.\u00a0<\/span><\/p>\n<p><span style=\"font-weight: 400;\">18K gold is an alloy that contains 75% pure gold. The higher gold content gives 18 karat gold a richer yellow color and a higher value compared to 14 karat gold. <\/span><\/p>\n","protected":false},"excerpt":{"rendered":"<p>Classic Lab Diamonds Studs Earrings with 2 lab diamonds, crafted in 14K yellow gold (gold 585).<\/p>\n<p>Total weight of lab diamonds: 1 ct<\/p>\n<p>Shipping time: up to 9 business days.<\/p>\n","protected":false},"featured_media":8861,"template":"","meta":[],"product_cat":[481,395,140,100,142,449,96,250,397,516,476],"product_tag":[],"class_list":{"0":"post-8671","1":"product","2":"type-product","3":"status-publish","4":"has-post-thumbnail","6":"product_cat-baby-born","7":"product_cat-christmas-collection","8":"product_cat-diamonds","9":"product_cat-earrings-diamonds","10":"product_cat-earrings-gold","11":"product_cat-earrings-en-5-yellow-gold","12":"product_cat-gold-jewelry","13":"product_cat-love-collection","14":"product_cat-new-products","15":"product_cat-stories-en","16":"product_cat-yellow-gold","18":"first","19":"instock","20":"shipping-taxable","21":"purchasable","22":"product-type-simple"},"yoast_head":"<!-- This site is optimized with the Yoast SEO plugin v20.9 - https:\/\/yoast.com\/wordpress\/plugins\/seo\/ -->\n<title>Classic Lab Diamonds Studs Earrings, 14K \u017c\u00f3\u0142te z\u0142oto 1 ct<\/title>\n<meta name=\"description\" content=\"Timeless classic in its purest form. Two lab-grown diamonds set in 14K yellow gold \u2014 a subtle radiance that completes every moment.\" \/>\n<meta name=\"robots\" content=\"index, follow, max-snippet:-1, max-image-preview:large, max-video-preview:-1\" \/>\n<link rel=\"canonical\" href=\"https:\/\/sen-jewelry.com\/en\/produkt\/classic-lab-diamonds-studs-earrings-14k-zolte-zloto_1-ct\/\" \/>\n<meta property=\"og:locale\" content=\"en_US\" \/>\n<meta property=\"og:type\" content=\"article\" \/>\n<meta property=\"og:title\" content=\"Classic Lab Diamonds Studs Earrings, 14K \u017c\u00f3\u0142te z\u0142oto 1 ct\" \/>\n<meta property=\"og:description\" content=\"Timeless classic in its purest form. Two lab-grown diamonds set in 14K yellow gold \u2014 a subtle radiance that completes every moment.\" \/>\n<meta property=\"og:url\" content=\"https:\/\/sen-jewelry.com\/en\/produkt\/classic-lab-diamonds-studs-earrings-14k-zolte-zloto_1-ct\/\" \/>\n<meta property=\"og:site_name\" content=\"Sen Jewelry\" \/>\n<meta property=\"article:modified_time\" content=\"2025-10-13T12:16:40+00:00\" \/>\n<meta property=\"og:image\" content=\"https:\/\/sen-jewelry.com\/wp-content\/uploads\/2025\/10\/studs.jpg\" \/>\n\t<meta property=\"og:image:width\" content=\"1000\" \/>\n\t<meta property=\"og:image:height\" content=\"1335\" \/>\n\t<meta property=\"og:image:type\" content=\"image\/jpeg\" \/>\n<meta name=\"twitter:card\" content=\"summary_large_image\" \/>\n<meta name=\"twitter:label1\" content=\"Est. reading time\" \/>\n\t<meta name=\"twitter:data1\" content=\"2 minutes\" \/>\n<script type=\"application\/ld+json\" class=\"yoast-schema-graph\">{\"@context\":\"https:\/\/schema.org\",\"@graph\":[{\"@type\":\"WebPage\",\"@id\":\"https:\/\/sen-jewelry.com\/en\/produkt\/classic-lab-diamonds-studs-earrings-14k-zolte-zloto_1-ct\/\",\"url\":\"https:\/\/sen-jewelry.com\/en\/produkt\/classic-lab-diamonds-studs-earrings-14k-zolte-zloto_1-ct\/\",\"name\":\"Classic Lab Diamonds Studs Earrings, 14K \u017c\u00f3\u0142te z\u0142oto 1 ct\",\"isPartOf\":{\"@id\":\"https:\/\/sen-jewelry.com\/#website\"},\"datePublished\":\"2025-11-24T17:28:18+00:00\",\"dateModified\":\"2025-10-13T12:16:40+00:00\",\"description\":\"Timeless classic in its purest form. Two lab-grown diamonds set in 14K yellow gold \u2014 a subtle radiance that completes every moment.\",\"breadcrumb\":{\"@id\":\"https:\/\/sen-jewelry.com\/en\/produkt\/classic-lab-diamonds-studs-earrings-14k-zolte-zloto_1-ct\/#breadcrumb\"},\"inLanguage\":\"en-US\",\"potentialAction\":[{\"@type\":\"ReadAction\",\"target\":[\"https:\/\/sen-jewelry.com\/en\/produkt\/classic-lab-diamonds-studs-earrings-14k-zolte-zloto_1-ct\/\"]}]},{\"@type\":\"BreadcrumbList\",\"@id\":\"https:\/\/sen-jewelry.com\/en\/produkt\/classic-lab-diamonds-studs-earrings-14k-zolte-zloto_1-ct\/#breadcrumb\",\"itemListElement\":[{\"@type\":\"ListItem\",\"position\":1,\"name\":\"Strona g\u0142\u00f3wna\",\"item\":\"https:\/\/sen-jewelry.com\/en\/\"},{\"@type\":\"ListItem\",\"position\":2,\"name\":\"Sklep\",\"item\":\"https:\/\/sen-jewelry.com\/sklep\/\"},{\"@type\":\"ListItem\",\"position\":3,\"name\":\"Classic Lab Diamonds Studs Earrings, 14K \u017c\u00f3\u0142te z\u0142oto_1 ct\"}]},{\"@type\":\"WebSite\",\"@id\":\"https:\/\/sen-jewelry.com\/#website\",\"url\":\"https:\/\/sen-jewelry.com\/\",\"name\":\"sen jewelry\",\"description\":\"sen is sensual\",\"alternateName\":\"sen\",\"potentialAction\":[{\"@type\":\"SearchAction\",\"target\":{\"@type\":\"EntryPoint\",\"urlTemplate\":\"https:\/\/sen-jewelry.com\/?s={search_term_string}\"},\"query-input\":\"required name=search_term_string\"}],\"inLanguage\":\"en-US\"}]}<\/script>\n<!-- \/ Yoast SEO plugin. -->","yoast_head_json":{"title":"Classic Lab Diamonds Studs Earrings, 14K \u017c\u00f3\u0142te z\u0142oto 1 ct","description":"Timeless classic in its purest form. Two lab-grown diamonds set in 14K yellow gold \u2014 a subtle radiance that completes every moment.","robots":{"index":"index","follow":"follow","max-snippet":"max-snippet:-1","max-image-preview":"max-image-preview:large","max-video-preview":"max-video-preview:-1"},"canonical":"https:\/\/sen-jewelry.com\/en\/produkt\/classic-lab-diamonds-studs-earrings-14k-zolte-zloto_1-ct\/","og_locale":"en_US","og_type":"article","og_title":"Classic Lab Diamonds Studs Earrings, 14K \u017c\u00f3\u0142te z\u0142oto 1 ct","og_description":"Timeless classic in its purest form. Two lab-grown diamonds set in 14K yellow gold \u2014 a subtle radiance that completes every moment.","og_url":"https:\/\/sen-jewelry.com\/en\/produkt\/classic-lab-diamonds-studs-earrings-14k-zolte-zloto_1-ct\/","og_site_name":"Sen Jewelry","article_modified_time":"2025-10-13T12:16:40+00:00","og_image":[{"width":1000,"height":1335,"url":"https:\/\/sen-jewelry.com\/wp-content\/uploads\/2025\/10\/studs.jpg","type":"image\/jpeg"}],"twitter_card":"summary_large_image","twitter_misc":{"Est. reading time":"2 minutes"},"schema":{"@context":"https:\/\/schema.org","@graph":[{"@type":"WebPage","@id":"https:\/\/sen-jewelry.com\/en\/produkt\/classic-lab-diamonds-studs-earrings-14k-zolte-zloto_1-ct\/","url":"https:\/\/sen-jewelry.com\/en\/produkt\/classic-lab-diamonds-studs-earrings-14k-zolte-zloto_1-ct\/","name":"Classic Lab Diamonds Studs Earrings, 14K \u017c\u00f3\u0142te z\u0142oto 1 ct","isPartOf":{"@id":"https:\/\/sen-jewelry.com\/#website"},"datePublished":"2025-11-24T17:28:18+00:00","dateModified":"2025-10-13T12:16:40+00:00","description":"Timeless classic in its purest form. Two lab-grown diamonds set in 14K yellow gold \u2014 a subtle radiance that completes every moment.","breadcrumb":{"@id":"https:\/\/sen-jewelry.com\/en\/produkt\/classic-lab-diamonds-studs-earrings-14k-zolte-zloto_1-ct\/#breadcrumb"},"inLanguage":"en-US","potentialAction":[{"@type":"ReadAction","target":["https:\/\/sen-jewelry.com\/en\/produkt\/classic-lab-diamonds-studs-earrings-14k-zolte-zloto_1-ct\/"]}]},{"@type":"BreadcrumbList","@id":"https:\/\/sen-jewelry.com\/en\/produkt\/classic-lab-diamonds-studs-earrings-14k-zolte-zloto_1-ct\/#breadcrumb","itemListElement":[{"@type":"ListItem","position":1,"name":"Strona g\u0142\u00f3wna","item":"https:\/\/sen-jewelry.com\/en\/"},{"@type":"ListItem","position":2,"name":"Sklep","item":"https:\/\/sen-jewelry.com\/sklep\/"},{"@type":"ListItem","position":3,"name":"Classic Lab Diamonds Studs Earrings, 14K \u017c\u00f3\u0142te z\u0142oto_1 ct"}]},{"@type":"WebSite","@id":"https:\/\/sen-jewelry.com\/#website","url":"https:\/\/sen-jewelry.com\/","name":"sen jewelry","description":"sen is sensual","alternateName":"sen","potentialAction":[{"@type":"SearchAction","target":{"@type":"EntryPoint","urlTemplate":"https:\/\/sen-jewelry.com\/?s={search_term_string}"},"query-input":"required name=search_term_string"}],"inLanguage":"en-US"}]}},"_links":{"self":[{"href":"https:\/\/sen-jewelry.com\/en\/wp-json\/wp\/v2\/product\/8671"}],"collection":[{"href":"https:\/\/sen-jewelry.com\/en\/wp-json\/wp\/v2\/product"}],"about":[{"href":"https:\/\/sen-jewelry.com\/en\/wp-json\/wp\/v2\/types\/product"}],"wp:featuredmedia":[{"embeddable":true,"href":"https:\/\/sen-jewelry.com\/en\/wp-json\/wp\/v2\/media\/8861"}],"wp:attachment":[{"href":"https:\/\/sen-jewelry.com\/en\/wp-json\/wp\/v2\/media?parent=8671"}],"wp:term":[{"taxonomy":"product_cat","embeddable":true,"href":"https:\/\/sen-jewelry.com\/en\/wp-json\/wp\/v2\/product_cat?post=8671"},{"taxonomy":"product_tag","embeddable":true,"href":"https:\/\/sen-jewelry.com\/en\/wp-json\/wp\/v2\/product_tag?post=8671"}],"curies":[{"name":"wp","href":"https:\/\/api.w.org\/{rel}","templated":true}]}}