{"id":10108,"date":"2026-02-10T15:44:22","date_gmt":"2026-02-10T14:44:22","guid":{"rendered":"https:\/\/sen-jewelry.com\/?post_type=product&#038;p=10108"},"modified":"2026-02-13T09:27:49","modified_gmt":"2026-02-13T08:27:49","slug":"grzechotka-srebrna-my-baby","status":"publish","type":"product","link":"https:\/\/sen-jewelry.com\/en\/produkt\/grzechotka-srebrna-my-baby\/","title":{"rendered":"Grzechotka srebrna &#8211; My Baby"},"content":{"rendered":"<h6><strong data-start=\"142\" data-end=\"153\">My Baby<\/strong><\/h6>\n<h6 data-start=\"216\" data-end=\"308\">R\u0119cznie wykonana, srebrna grzechotka powsta\u0142a w najbardziej osobistym momencie mojego \u017cycia.<\/h6>\n<h6 data-start=\"310\" data-end=\"535\">Projektowa\u0142am j\u0105, b\u0119d\u0105c w ci\u0105\u017cy, w czasie oczekiwania, kt\u00f3re wyostrza wra\u017cliwo\u015b\u0107 i nadaje znaczenie ka\u017cdemu detalowi. Chcia\u0142am stworzy\u0107 przedmiot tak szlachetny jak bi\u017cuteria, a jednocze\u015bnie nios\u0105cy czu\u0142o\u015b\u0107 i pami\u0119\u0107 pierwszych chwil.<\/h6>\n<h6 data-start=\"537\" data-end=\"747\">Jej forma jest ponadczasowa i wywa\u017cona. Srebrna powierzchnia mi\u0119kko odbija \u015bwiat\u0142o, a subtelny d\u017awi\u0119k brzmi niemal jak szept. Ka\u017cdy egzemplarz powstaje r\u0119cznie z precyzj\u0105, proporcj\u0105 i dba\u0142o\u015bci\u0105 o wyko\u0144czenie.<\/h6>\n<h6 data-start=\"749\" data-end=\"836\">To nie jest zwyk\u0142a zabawka. To pami\u0105tka pocz\u0105tku i symbol mi\u0142o\u015bci zapisanej w materii.<\/h6>\n<h6 data-start=\"838\" data-end=\"891\">Stworzona na pierwsze dni. Zostaje na ca\u0142e \u017cycie.<\/h6>\n<h6><span style=\"font-size: 16px;\">Srebro 925 jest popularnym stopem metalu u\u017cywanym w produkcji bi\u017cuterii. Sk\u0142ada si\u0119 z 92,5% czystego srebra i 7,5% innych metali, najcz\u0119\u015bciej miedzi.<\/span><\/h6>\n","protected":false},"excerpt":{"rendered":"<p data-start=\"155\" data-end=\"336\">Grzechotka wykonana ze srebra &#8211; My Baby<\/p>\n<p data-start=\"155\" data-end=\"336\">Wymiary: 117mm (wysoko\u015b\u0107) x 37 mm (szeroko\u015b\u0107)<\/p>\n<p data-start=\"155\" data-end=\"336\">Ka\u017cdy egzemplarz powstaje na zam\u00f3wienie.<br data-start=\"145\" data-end=\"148\" \/>Czas wykonania: do 6 tygodni. Mo\u017cliwo\u015b\u0107 dodania osobistego graweru.<\/p>\n","protected":false},"featured_media":10088,"template":"","meta":[],"product_cat":[480,396,102,518,436],"product_tag":[],"class_list":{"0":"post-10108","1":"product","2":"type-product","3":"status-publish","4":"has-post-thumbnail","6":"product_cat-baby-born","7":"product_cat-nowosci","8":"product_cat-srebro","9":"product_cat-srebro-klasyczne","10":"product_cat-stories","12":"first","13":"instock","14":"shipping-taxable","15":"purchasable","16":"product-type-simple"},"yoast_head":"<!-- This site is optimized with the Yoast SEO plugin v20.9 - https:\/\/yoast.com\/wordpress\/plugins\/seo\/ -->\n<title>Grzechotka srebrna - My Baby<\/title>\n<meta name=\"description\" content=\"R\u0119cznie wykonana, z\u0142ocona grzechotka stworzona z my\u015bl\u0105 o najwcze\u015bniejszych chwilach \u017cycia. Wi\u0119cej ni\u017c zabawka. Ma\u0142y symbol wielkiej mi\u0142o\u015bci.\" \/>\n<meta name=\"robots\" content=\"index, follow, max-snippet:-1, max-image-preview:large, max-video-preview:-1\" \/>\n<link rel=\"canonical\" href=\"https:\/\/sen-jewelry.com\/produkt\/grzechotka-srebrna-my-baby\/\" \/>\n<meta property=\"og:locale\" content=\"en_US\" \/>\n<meta property=\"og:type\" content=\"article\" \/>\n<meta property=\"og:title\" content=\"Grzechotka srebrna - My Baby\" \/>\n<meta property=\"og:description\" content=\"R\u0119cznie wykonana, z\u0142ocona grzechotka stworzona z my\u015bl\u0105 o najwcze\u015bniejszych chwilach \u017cycia. Wi\u0119cej ni\u017c zabawka. Ma\u0142y symbol wielkiej mi\u0142o\u015bci.\" \/>\n<meta property=\"og:url\" content=\"https:\/\/sen-jewelry.com\/produkt\/grzechotka-srebrna-my-baby\/\" \/>\n<meta property=\"og:site_name\" content=\"Sen Jewelry\" \/>\n<meta property=\"article:modified_time\" content=\"2026-02-13T08:27:49+00:00\" \/>\n<meta property=\"og:image\" content=\"https:\/\/sen-jewelry.com\/wp-content\/uploads\/2026\/02\/GS-SEN272.jpg\" \/>\n\t<meta property=\"og:image:width\" content=\"936\" \/>\n\t<meta property=\"og:image:height\" content=\"1250\" \/>\n\t<meta property=\"og:image:type\" content=\"image\/jpeg\" \/>\n<meta name=\"twitter:card\" content=\"summary_large_image\" \/>\n<meta name=\"twitter:label1\" content=\"Est. reading time\" \/>\n\t<meta name=\"twitter:data1\" content=\"1 minute\" \/>\n<script type=\"application\/ld+json\" class=\"yoast-schema-graph\">{\"@context\":\"https:\/\/schema.org\",\"@graph\":[{\"@type\":\"WebPage\",\"@id\":\"https:\/\/sen-jewelry.com\/produkt\/grzechotka-srebrna-my-baby\/\",\"url\":\"https:\/\/sen-jewelry.com\/produkt\/grzechotka-srebrna-my-baby\/\",\"name\":\"Grzechotka srebrna - My Baby\",\"isPartOf\":{\"@id\":\"https:\/\/sen-jewelry.com\/#website\"},\"datePublished\":\"2026-02-10T14:44:22+00:00\",\"dateModified\":\"2026-02-13T08:27:49+00:00\",\"description\":\"R\u0119cznie wykonana, z\u0142ocona grzechotka stworzona z my\u015bl\u0105 o najwcze\u015bniejszych chwilach \u017cycia. Wi\u0119cej ni\u017c zabawka. Ma\u0142y symbol wielkiej mi\u0142o\u015bci.\",\"breadcrumb\":{\"@id\":\"https:\/\/sen-jewelry.com\/produkt\/grzechotka-srebrna-my-baby\/#breadcrumb\"},\"inLanguage\":\"en-US\",\"potentialAction\":[{\"@type\":\"ReadAction\",\"target\":[\"https:\/\/sen-jewelry.com\/produkt\/grzechotka-srebrna-my-baby\/\"]}]},{\"@type\":\"BreadcrumbList\",\"@id\":\"https:\/\/sen-jewelry.com\/produkt\/grzechotka-srebrna-my-baby\/#breadcrumb\",\"itemListElement\":[{\"@type\":\"ListItem\",\"position\":1,\"name\":\"Strona g\u0142\u00f3wna\",\"item\":\"https:\/\/sen-jewelry.com\/en\/\"},{\"@type\":\"ListItem\",\"position\":2,\"name\":\"Sklep\",\"item\":\"https:\/\/sen-jewelry.com\/sklep\/\"},{\"@type\":\"ListItem\",\"position\":3,\"name\":\"Grzechotka srebrna &#8211; My Baby\"}]},{\"@type\":\"WebSite\",\"@id\":\"https:\/\/sen-jewelry.com\/#website\",\"url\":\"https:\/\/sen-jewelry.com\/\",\"name\":\"sen jewelry\",\"description\":\"sen is sensual\",\"alternateName\":\"sen\",\"potentialAction\":[{\"@type\":\"SearchAction\",\"target\":{\"@type\":\"EntryPoint\",\"urlTemplate\":\"https:\/\/sen-jewelry.com\/?s={search_term_string}\"},\"query-input\":\"required name=search_term_string\"}],\"inLanguage\":\"en-US\"}]}<\/script>\n<!-- \/ Yoast SEO plugin. -->","yoast_head_json":{"title":"Grzechotka srebrna - My Baby","description":"R\u0119cznie wykonana, z\u0142ocona grzechotka stworzona z my\u015bl\u0105 o najwcze\u015bniejszych chwilach \u017cycia. Wi\u0119cej ni\u017c zabawka. Ma\u0142y symbol wielkiej mi\u0142o\u015bci.","robots":{"index":"index","follow":"follow","max-snippet":"max-snippet:-1","max-image-preview":"max-image-preview:large","max-video-preview":"max-video-preview:-1"},"canonical":"https:\/\/sen-jewelry.com\/produkt\/grzechotka-srebrna-my-baby\/","og_locale":"en_US","og_type":"article","og_title":"Grzechotka srebrna - My Baby","og_description":"R\u0119cznie wykonana, z\u0142ocona grzechotka stworzona z my\u015bl\u0105 o najwcze\u015bniejszych chwilach \u017cycia. Wi\u0119cej ni\u017c zabawka. Ma\u0142y symbol wielkiej mi\u0142o\u015bci.","og_url":"https:\/\/sen-jewelry.com\/produkt\/grzechotka-srebrna-my-baby\/","og_site_name":"Sen Jewelry","article_modified_time":"2026-02-13T08:27:49+00:00","og_image":[{"width":936,"height":1250,"url":"https:\/\/sen-jewelry.com\/wp-content\/uploads\/2026\/02\/GS-SEN272.jpg","type":"image\/jpeg"}],"twitter_card":"summary_large_image","twitter_misc":{"Est. reading time":"1 minute"},"schema":{"@context":"https:\/\/schema.org","@graph":[{"@type":"WebPage","@id":"https:\/\/sen-jewelry.com\/produkt\/grzechotka-srebrna-my-baby\/","url":"https:\/\/sen-jewelry.com\/produkt\/grzechotka-srebrna-my-baby\/","name":"Grzechotka srebrna - My Baby","isPartOf":{"@id":"https:\/\/sen-jewelry.com\/#website"},"datePublished":"2026-02-10T14:44:22+00:00","dateModified":"2026-02-13T08:27:49+00:00","description":"R\u0119cznie wykonana, z\u0142ocona grzechotka stworzona z my\u015bl\u0105 o najwcze\u015bniejszych chwilach \u017cycia. Wi\u0119cej ni\u017c zabawka. Ma\u0142y symbol wielkiej mi\u0142o\u015bci.","breadcrumb":{"@id":"https:\/\/sen-jewelry.com\/produkt\/grzechotka-srebrna-my-baby\/#breadcrumb"},"inLanguage":"en-US","potentialAction":[{"@type":"ReadAction","target":["https:\/\/sen-jewelry.com\/produkt\/grzechotka-srebrna-my-baby\/"]}]},{"@type":"BreadcrumbList","@id":"https:\/\/sen-jewelry.com\/produkt\/grzechotka-srebrna-my-baby\/#breadcrumb","itemListElement":[{"@type":"ListItem","position":1,"name":"Strona g\u0142\u00f3wna","item":"https:\/\/sen-jewelry.com\/en\/"},{"@type":"ListItem","position":2,"name":"Sklep","item":"https:\/\/sen-jewelry.com\/sklep\/"},{"@type":"ListItem","position":3,"name":"Grzechotka srebrna &#8211; My Baby"}]},{"@type":"WebSite","@id":"https:\/\/sen-jewelry.com\/#website","url":"https:\/\/sen-jewelry.com\/","name":"sen jewelry","description":"sen is sensual","alternateName":"sen","potentialAction":[{"@type":"SearchAction","target":{"@type":"EntryPoint","urlTemplate":"https:\/\/sen-jewelry.com\/?s={search_term_string}"},"query-input":"required name=search_term_string"}],"inLanguage":"en-US"}]}},"_links":{"self":[{"href":"https:\/\/sen-jewelry.com\/en\/wp-json\/wp\/v2\/product\/10108"}],"collection":[{"href":"https:\/\/sen-jewelry.com\/en\/wp-json\/wp\/v2\/product"}],"about":[{"href":"https:\/\/sen-jewelry.com\/en\/wp-json\/wp\/v2\/types\/product"}],"wp:featuredmedia":[{"embeddable":true,"href":"https:\/\/sen-jewelry.com\/en\/wp-json\/wp\/v2\/media\/10088"}],"wp:attachment":[{"href":"https:\/\/sen-jewelry.com\/en\/wp-json\/wp\/v2\/media?parent=10108"}],"wp:term":[{"taxonomy":"product_cat","embeddable":true,"href":"https:\/\/sen-jewelry.com\/en\/wp-json\/wp\/v2\/product_cat?post=10108"},{"taxonomy":"product_tag","embeddable":true,"href":"https:\/\/sen-jewelry.com\/en\/wp-json\/wp\/v2\/product_tag?post=10108"}],"curies":[{"name":"wp","href":"https:\/\/api.w.org\/{rel}","templated":true}]}}