{"id":9706,"date":"2024-06-23T16:43:54","date_gmt":"2024-06-23T14:43:54","guid":{"rendered":"https:\/\/sen-jewelry.com\/?page_id=9706"},"modified":"2026-01-05T14:56:03","modified_gmt":"2026-01-05T13:56:03","slug":"returns","status":"publish","type":"page","link":"https:\/\/sen-jewelry.com\/en\/returns\/","title":{"rendered":"Returns"},"content":{"rendered":"\n<p><\/p>\n\n\n\n<p><strong>Czy mog\u0119 zwr\u00f3ci\u0107 kupiony produkt?<\/strong><\/p>\n\n\n\n<p><strong><em>Tak, oczywi\u015bcie! <\/em><\/strong>Zwrot jest mo\u017cliwy w terminie&nbsp;<strong>14 dni kalendarzowych<\/strong>&nbsp;od daty otrzymania zam\u00f3wienia. Warunkiem przyj\u0119cia zwrotu jest brak oznak u\u017cytkowania produktu, nienaruszone opakowanie oraz do\u0142\u0105czenie dowodu zakupu (paragon lub faktura). Do przesy\u0142ki prosimy do\u0142\u0105czy\u0107:<\/p>\n\n\n\n<ul class=\"wp-block-list\">\n<li>numer zam\u00f3wienia,<\/li>\n\n\n\n<li>imi\u0119 i nazwisko,<\/li>\n\n\n\n<li>numer telefonu kontaktowego,<\/li>\n\n\n\n<li>adres e\u2011mail.<\/li>\n<\/ul>\n\n\n\n<p>Zwrotu mo\u017cna dokona\u0107 wysy\u0142aj\u0105c przesy\u0142k\u0119 do&nbsp;paczkomatu <strong>InPost WAW47H<\/strong>. Produkt mo\u017cesz nada\u0107 samodzielnie lub skontaktowa\u0107 si\u0119 z nami drog\u0105 mailow\u0105:&nbsp;<strong>contact@sen-jewelry.com<\/strong>, aby otrzyma\u0107 etykiet\u0119 zwrotn\u0105 (koszt 17 z\u0142, odliczany od kwoty zwrotu).<\/p>\n\n\n\n<p>Zwrot nale\u017cno\u015bci nast\u0105pi w ci\u0105gu&nbsp;<strong>14 dni od otrzymania przesy\u0142ki<\/strong>, a \u015brodki zostan\u0105 przekazane t\u0105 sam\u0105 metod\u0105 p\u0142atno\u015bci, kt\u00f3r\u0105 zosta\u0142o op\u0142acone zam\u00f3wienie.<\/p>\n\n\n\n<p><strong>Uwaga!<\/strong>&nbsp;<\/p>\n\n\n\n<p>Produkty zakupione w butikach wsp\u00f3\u0142pracuj\u0105cych nie podlegaj\u0105 zwrotom poprzez nasz oficjalny sklep online. Wszelkie reklamacje nale\u017cy zg\u0142asza\u0107 bezpo\u015brednio w miejscu zakupu.<\/p>\n\n\n\n<p><strong>Czy mog\u0119 wymieni\u0107 zakupiony produkt na inny?<\/strong> <\/p>\n\n\n\n<p>Tak! Wymiana jest mo\u017cliwa w terminie&nbsp;<strong>14 dni kalendarzowych<\/strong>&nbsp;od daty otrzymania zam\u00f3wienia. Produkt nie mo\u017ce nosi\u0107 oznak u\u017cytkowania, a do przesy\u0142ki nale\u017cy do\u0142\u0105czy\u0107 nienaruszone opakowanie oraz dow\u00f3d zakupu (paragon lub faktur\u0119). Do zwracanej przesy\u0142ki prosimy do\u0142\u0105czy\u0107 nast\u0119puj\u0105ce informacje:<\/p>\n\n\n\n<ul class=\"wp-block-list\">\n<li>numer zam\u00f3wienia,<\/li>\n\n\n\n<li>imi\u0119 i nazwisko,<\/li>\n\n\n\n<li>numer telefonu kontaktowego,<\/li>\n\n\n\n<li>adres e\u2011mail.<\/li>\n<\/ul>\n\n\n\n<p>Wymiany mo\u017cna dokona\u0107 wysy\u0142aj\u0105c przesy\u0142k\u0119 do&nbsp;paczkomaty <strong>InPost WAW47H<\/strong>. Produkt mo\u017cesz nada\u0107 samodzielnie lub skontaktowa\u0107 si\u0119 z nami drog\u0105 mailow\u0105:&nbsp;<strong>contact@sen-jewelry.com<\/strong>.<\/p>\n\n\n\n<p><strong>Pier\u015bcionek jest pi\u0119kny, a rozmiar okaza\u0142 si\u0119 zbyt ma\u0142y?<\/strong> <\/p>\n\n\n\n<p>Nie ma problemu! <strong>Bezp\u0142atnie dopasujemy rozmiar Twojego pier\u015bcionka w ci\u0105gu 30 dni od dokonanego zakupu<\/strong>. Po up\u0142ywie wskazanego wy\u017cej okresu od dnia zakupu zmiana rozmiaru jest mo\u017cliwa za indywidualn\u0105 op\u0142at\u0105. W ka\u017cdym przypadku Klient ponosi koszty przesy\u0142ki do i z pracowni jubilerskiej.<\/p>\n\n\n\n<p><\/p>\n","protected":false},"excerpt":{"rendered":"<p>Czy mog\u0119 zwr\u00f3ci\u0107 kupiony produkt? Tak, oczywi\u015bcie! Zwrot jest mo\u017cliwy w terminie&nbsp;14 dni kalendarzowych&nbsp;od daty otrzymania zam\u00f3wienia. Warunkiem przyj\u0119cia zwrotu jest brak oznak u\u017cytkowania produktu, nienaruszone opakowanie oraz do\u0142\u0105czenie dowodu zakupu (paragon lub faktura). Do przesy\u0142ki prosimy do\u0142\u0105czy\u0107: Zwrotu mo\u017cna dokona\u0107 wysy\u0142aj\u0105c przesy\u0142k\u0119 do&nbsp;paczkomatu InPost WAW47H. Produkt mo\u017cesz nada\u0107 samodzielnie lub skontaktowa\u0107 si\u0119 z nami [&hellip;]<\/p>\n","protected":false},"author":1,"featured_media":0,"parent":0,"menu_order":0,"comment_status":"closed","ping_status":"closed","template":"","meta":{"footnotes":""},"class_list":["post-9706","page","type-page","status-publish","hentry"],"yoast_head":"<!-- This site is optimized with the Yoast SEO plugin v20.9 - https:\/\/yoast.com\/wordpress\/plugins\/seo\/ -->\n<title>Returns - Sen Jewelry<\/title>\n<meta name=\"robots\" content=\"index, follow, max-snippet:-1, max-image-preview:large, max-video-preview:-1\" \/>\n<link rel=\"canonical\" href=\"https:\/\/sen-jewelry.com\/en\/returns\/\" \/>\n<meta property=\"og:locale\" content=\"en_US\" \/>\n<meta property=\"og:type\" content=\"article\" \/>\n<meta property=\"og:title\" content=\"Returns - Sen Jewelry\" \/>\n<meta property=\"og:description\" content=\"Czy mog\u0119 zwr\u00f3ci\u0107 kupiony produkt? Tak, oczywi\u015bcie! Zwrot jest mo\u017cliwy w terminie&nbsp;14 dni kalendarzowych&nbsp;od daty otrzymania zam\u00f3wienia. Warunkiem przyj\u0119cia zwrotu jest brak oznak u\u017cytkowania produktu, nienaruszone opakowanie oraz do\u0142\u0105czenie dowodu zakupu (paragon lub faktura). Do przesy\u0142ki prosimy do\u0142\u0105czy\u0107: Zwrotu mo\u017cna dokona\u0107 wysy\u0142aj\u0105c przesy\u0142k\u0119 do&nbsp;paczkomatu InPost WAW47H. Produkt mo\u017cesz nada\u0107 samodzielnie lub skontaktowa\u0107 si\u0119 z nami [&hellip;]\" \/>\n<meta property=\"og:url\" content=\"https:\/\/sen-jewelry.com\/en\/returns\/\" \/>\n<meta property=\"og:site_name\" content=\"Sen Jewelry\" \/>\n<meta property=\"article:modified_time\" content=\"2026-01-05T13:56:03+00:00\" \/>\n<meta property=\"og:image\" content=\"https:\/\/sen-jewelry.com\/wp-content\/uploads\/2023\/06\/sen-main-1.jpeg\" \/>\n\t<meta property=\"og:image:width\" content=\"500\" \/>\n\t<meta property=\"og:image:height\" content=\"673\" \/>\n\t<meta property=\"og:image:type\" content=\"image\/jpeg\" \/>\n<meta name=\"twitter:card\" content=\"summary_large_image\" \/>\n<meta name=\"twitter:label1\" content=\"Est. reading time\" \/>\n\t<meta name=\"twitter:data1\" content=\"2 minutes\" \/>\n<script type=\"application\/ld+json\" class=\"yoast-schema-graph\">{\"@context\":\"https:\/\/schema.org\",\"@graph\":[{\"@type\":\"WebPage\",\"@id\":\"https:\/\/sen-jewelry.com\/en\/returns\/\",\"url\":\"https:\/\/sen-jewelry.com\/en\/returns\/\",\"name\":\"Returns - Sen Jewelry\",\"isPartOf\":{\"@id\":\"https:\/\/sen-jewelry.com\/#website\"},\"datePublished\":\"2024-06-23T14:43:54+00:00\",\"dateModified\":\"2026-01-05T13:56:03+00:00\",\"breadcrumb\":{\"@id\":\"https:\/\/sen-jewelry.com\/en\/returns\/#breadcrumb\"},\"inLanguage\":\"en-US\",\"potentialAction\":[{\"@type\":\"ReadAction\",\"target\":[\"https:\/\/sen-jewelry.com\/en\/returns\/\"]}]},{\"@type\":\"BreadcrumbList\",\"@id\":\"https:\/\/sen-jewelry.com\/en\/returns\/#breadcrumb\",\"itemListElement\":[{\"@type\":\"ListItem\",\"position\":1,\"name\":\"Strona g\u0142\u00f3wna\",\"item\":\"https:\/\/sen-jewelry.com\/en\/home-page\/\"},{\"@type\":\"ListItem\",\"position\":2,\"name\":\"Returns\"}]},{\"@type\":\"WebSite\",\"@id\":\"https:\/\/sen-jewelry.com\/#website\",\"url\":\"https:\/\/sen-jewelry.com\/\",\"name\":\"sen jewelry\",\"description\":\"sen is sensual\",\"alternateName\":\"sen\",\"potentialAction\":[{\"@type\":\"SearchAction\",\"target\":{\"@type\":\"EntryPoint\",\"urlTemplate\":\"https:\/\/sen-jewelry.com\/?s={search_term_string}\"},\"query-input\":\"required name=search_term_string\"}],\"inLanguage\":\"en-US\"}]}<\/script>\n<!-- \/ Yoast SEO plugin. -->","yoast_head_json":{"title":"Returns - Sen Jewelry","robots":{"index":"index","follow":"follow","max-snippet":"max-snippet:-1","max-image-preview":"max-image-preview:large","max-video-preview":"max-video-preview:-1"},"canonical":"https:\/\/sen-jewelry.com\/en\/returns\/","og_locale":"en_US","og_type":"article","og_title":"Returns - Sen Jewelry","og_description":"Czy mog\u0119 zwr\u00f3ci\u0107 kupiony produkt? Tak, oczywi\u015bcie! Zwrot jest mo\u017cliwy w terminie&nbsp;14 dni kalendarzowych&nbsp;od daty otrzymania zam\u00f3wienia. Warunkiem przyj\u0119cia zwrotu jest brak oznak u\u017cytkowania produktu, nienaruszone opakowanie oraz do\u0142\u0105czenie dowodu zakupu (paragon lub faktura). Do przesy\u0142ki prosimy do\u0142\u0105czy\u0107: Zwrotu mo\u017cna dokona\u0107 wysy\u0142aj\u0105c przesy\u0142k\u0119 do&nbsp;paczkomatu InPost WAW47H. Produkt mo\u017cesz nada\u0107 samodzielnie lub skontaktowa\u0107 si\u0119 z nami [&hellip;]","og_url":"https:\/\/sen-jewelry.com\/en\/returns\/","og_site_name":"Sen Jewelry","article_modified_time":"2026-01-05T13:56:03+00:00","og_image":[{"width":500,"height":673,"url":"https:\/\/sen-jewelry.com\/wp-content\/uploads\/2023\/06\/sen-main-1.jpeg","type":"image\/jpeg"}],"twitter_card":"summary_large_image","twitter_misc":{"Est. reading time":"2 minutes"},"schema":{"@context":"https:\/\/schema.org","@graph":[{"@type":"WebPage","@id":"https:\/\/sen-jewelry.com\/en\/returns\/","url":"https:\/\/sen-jewelry.com\/en\/returns\/","name":"Returns - Sen Jewelry","isPartOf":{"@id":"https:\/\/sen-jewelry.com\/#website"},"datePublished":"2024-06-23T14:43:54+00:00","dateModified":"2026-01-05T13:56:03+00:00","breadcrumb":{"@id":"https:\/\/sen-jewelry.com\/en\/returns\/#breadcrumb"},"inLanguage":"en-US","potentialAction":[{"@type":"ReadAction","target":["https:\/\/sen-jewelry.com\/en\/returns\/"]}]},{"@type":"BreadcrumbList","@id":"https:\/\/sen-jewelry.com\/en\/returns\/#breadcrumb","itemListElement":[{"@type":"ListItem","position":1,"name":"Strona g\u0142\u00f3wna","item":"https:\/\/sen-jewelry.com\/en\/home-page\/"},{"@type":"ListItem","position":2,"name":"Returns"}]},{"@type":"WebSite","@id":"https:\/\/sen-jewelry.com\/#website","url":"https:\/\/sen-jewelry.com\/","name":"sen jewelry","description":"sen is sensual","alternateName":"sen","potentialAction":[{"@type":"SearchAction","target":{"@type":"EntryPoint","urlTemplate":"https:\/\/sen-jewelry.com\/?s={search_term_string}"},"query-input":"required name=search_term_string"}],"inLanguage":"en-US"}]}},"_links":{"self":[{"href":"https:\/\/sen-jewelry.com\/en\/wp-json\/wp\/v2\/pages\/9706"}],"collection":[{"href":"https:\/\/sen-jewelry.com\/en\/wp-json\/wp\/v2\/pages"}],"about":[{"href":"https:\/\/sen-jewelry.com\/en\/wp-json\/wp\/v2\/types\/page"}],"author":[{"embeddable":true,"href":"https:\/\/sen-jewelry.com\/en\/wp-json\/wp\/v2\/users\/1"}],"replies":[{"embeddable":true,"href":"https:\/\/sen-jewelry.com\/en\/wp-json\/wp\/v2\/comments?post=9706"}],"version-history":[{"count":1,"href":"https:\/\/sen-jewelry.com\/en\/wp-json\/wp\/v2\/pages\/9706\/revisions"}],"predecessor-version":[{"id":9707,"href":"https:\/\/sen-jewelry.com\/en\/wp-json\/wp\/v2\/pages\/9706\/revisions\/9707"}],"wp:attachment":[{"href":"https:\/\/sen-jewelry.com\/en\/wp-json\/wp\/v2\/media?parent=9706"}],"curies":[{"name":"wp","href":"https:\/\/api.w.org\/{rel}","templated":true}]}}